{"id":6927,"date":"2025-09-12T17:49:55","date_gmt":"2025-09-12T15:49:55","guid":{"rendered":"https:\/\/novopayment.hu\/?post_type=product&#038;p=6927"},"modified":"2025-09-22T10:52:08","modified_gmt":"2025-09-22T08:52:08","slug":"pax-s800-xl-csomag","status":"publish","type":"product","link":"https:\/\/novopayment.hu\/hu\/termek\/pax-s800-xl-csomag\/","title":{"rendered":"Pax S800 &#8211; ProPay Csomag"},"content":{"rendered":"<p>Ide\u00e1lis v\u00e1laszt\u00e1s keresked\u00e9sek sz\u00e1m\u00e1ra, ahol nem sz\u00fcks\u00e9ges a hordozhat\u00f3 k\u00e9sz\u00fcl\u00e9k.<\/p>\n","protected":false},"excerpt":{"rendered":"<p>Ide\u00e1lis v\u00e1laszt\u00e1s keresked\u00e9sek sz\u00e1m\u00e1ra, ahol nem sz\u00fcks\u00e9ges a hordozhat\u00f3 k\u00e9sz\u00fcl\u00e9k.<\/p>\n","protected":false},"featured_media":346,"template":"","meta":{"_acf_changed":false},"product_brand":[],"product_cat":[70,73],"product_tag":[41],"class_list":{"0":"post-6927","1":"product","2":"type-product","3":"status-publish","4":"has-post-thumbnail","6":"product_cat-csomagajanlatok","7":"product_cat-pax-s800","8":"product_tag-best-offer","10":"first","11":"instock","12":"shipping-taxable","13":"purchasable","14":"product-type-simple"},"acf":[],"yoast_head":"<!-- This site is optimized with the Yoast SEO plugin v27.4 - https:\/\/yoast.com\/product\/yoast-seo-wordpress\/ -->\n<title>Pax S800 - ProPay Csomag - Novopayment | POS termin\u00e1l \u00e9s online fizet\u00e9si megold\u00e1sok<\/title>\n<meta name=\"robots\" content=\"index, follow, max-snippet:-1, max-image-preview:large, max-video-preview:-1\" \/>\n<link rel=\"canonical\" href=\"https:\/\/novopayment.hu\/hu\/termek\/pax-s800-xl-csomag\/\" \/>\n<meta property=\"og:locale\" content=\"hu_HU\" \/>\n<meta property=\"og:type\" content=\"article\" \/>\n<meta property=\"og:title\" content=\"Pax S800 - ProPay Csomag - Novopayment | POS termin\u00e1l \u00e9s online fizet\u00e9si megold\u00e1sok\" \/>\n<meta property=\"og:description\" content=\"Ide\u00e1lis v\u00e1laszt\u00e1s keresked\u00e9sek sz\u00e1m\u00e1ra, ahol nem sz\u00fcks\u00e9ges a hordozhat\u00f3 k\u00e9sz\u00fcl\u00e9k.\" \/>\n<meta property=\"og:url\" content=\"https:\/\/novopayment.hu\/hu\/termek\/pax-s800-xl-csomag\/\" \/>\n<meta property=\"og:site_name\" content=\"Novopayment | POS termin\u00e1l \u00e9s online fizet\u00e9si megold\u00e1sok\" \/>\n<meta property=\"article:modified_time\" content=\"2025-09-22T08:52:08+00:00\" \/>\n<meta property=\"og:image\" content=\"https:\/\/novopayment.hu\/wp-content\/uploads\/2024\/06\/novopayment_Pax_S800_post_terminal.png\" \/>\n\t<meta property=\"og:image:width\" content=\"808\" \/>\n\t<meta property=\"og:image:height\" content=\"640\" \/>\n\t<meta property=\"og:image:type\" content=\"image\/png\" \/>\n<meta name=\"twitter:card\" content=\"summary_large_image\" \/>\n<meta name=\"twitter:label1\" content=\"Becs\u00fclt olvas\u00e1si id\u0151\" \/>\n\t<meta name=\"twitter:data1\" content=\"1 perc\" \/>\n<script type=\"application\/ld+json\" class=\"yoast-schema-graph\">{\"@context\":\"https:\\\/\\\/schema.org\",\"@graph\":[{\"@type\":\"WebPage\",\"@id\":\"https:\\\/\\\/novopayment.hu\\\/hu\\\/termek\\\/pax-s800-xl-csomag\\\/\",\"url\":\"https:\\\/\\\/novopayment.hu\\\/hu\\\/termek\\\/pax-s800-xl-csomag\\\/\",\"name\":\"Pax S800 - ProPay Csomag - Novopayment | POS termin\u00e1l \u00e9s online fizet\u00e9si megold\u00e1sok\",\"isPartOf\":{\"@id\":\"https:\\\/\\\/novopayment.hu\\\/hu\\\/#website\"},\"primaryImageOfPage\":{\"@id\":\"https:\\\/\\\/novopayment.hu\\\/hu\\\/termek\\\/pax-s800-xl-csomag\\\/#primaryimage\"},\"image\":{\"@id\":\"https:\\\/\\\/novopayment.hu\\\/hu\\\/termek\\\/pax-s800-xl-csomag\\\/#primaryimage\"},\"thumbnailUrl\":\"https:\\\/\\\/novopayment.hu\\\/wp-content\\\/uploads\\\/2024\\\/06\\\/novopayment_Pax_S800_post_terminal.png\",\"datePublished\":\"2025-09-12T15:49:55+00:00\",\"dateModified\":\"2025-09-22T08:52:08+00:00\",\"breadcrumb\":{\"@id\":\"https:\\\/\\\/novopayment.hu\\\/hu\\\/termek\\\/pax-s800-xl-csomag\\\/#breadcrumb\"},\"inLanguage\":\"hu\",\"potentialAction\":[{\"@type\":\"ReadAction\",\"target\":[\"https:\\\/\\\/novopayment.hu\\\/hu\\\/termek\\\/pax-s800-xl-csomag\\\/\"]}]},{\"@type\":\"ImageObject\",\"inLanguage\":\"hu\",\"@id\":\"https:\\\/\\\/novopayment.hu\\\/hu\\\/termek\\\/pax-s800-xl-csomag\\\/#primaryimage\",\"url\":\"https:\\\/\\\/novopayment.hu\\\/wp-content\\\/uploads\\\/2024\\\/06\\\/novopayment_Pax_S800_post_terminal.png\",\"contentUrl\":\"https:\\\/\\\/novopayment.hu\\\/wp-content\\\/uploads\\\/2024\\\/06\\\/novopayment_Pax_S800_post_terminal.png\",\"width\":808,\"height\":640},{\"@type\":\"BreadcrumbList\",\"@id\":\"https:\\\/\\\/novopayment.hu\\\/hu\\\/termek\\\/pax-s800-xl-csomag\\\/#breadcrumb\",\"itemListElement\":[{\"@type\":\"ListItem\",\"position\":1,\"name\":\"Kezd\u0151lap\",\"item\":\"https:\\\/\\\/novopayment.hu\\\/hu\\\/\"},{\"@type\":\"ListItem\",\"position\":2,\"name\":\"POS termin\u00e1l\",\"item\":\"https:\\\/\\\/novopayment.hu\\\/hu\\\/bankfuggetlen-pos-terminal\\\/\"},{\"@type\":\"ListItem\",\"position\":3,\"name\":\"Pax S800 &#8211; ProPay Csomag\"}]},{\"@type\":\"WebSite\",\"@id\":\"https:\\\/\\\/novopayment.hu\\\/hu\\\/#website\",\"url\":\"https:\\\/\\\/novopayment.hu\\\/hu\\\/\",\"name\":\"Novopayment | POS termin\u00e1l \u00e9s online fizet\u00e9si megold\u00e1sok\",\"description\":\"\",\"publisher\":{\"@id\":\"https:\\\/\\\/novopayment.hu\\\/hu\\\/#organization\"},\"potentialAction\":[{\"@type\":\"SearchAction\",\"target\":{\"@type\":\"EntryPoint\",\"urlTemplate\":\"https:\\\/\\\/novopayment.hu\\\/hu\\\/?s={search_term_string}\"},\"query-input\":{\"@type\":\"PropertyValueSpecification\",\"valueRequired\":true,\"valueName\":\"search_term_string\"}}],\"inLanguage\":\"hu\"},{\"@type\":\"Organization\",\"@id\":\"https:\\\/\\\/novopayment.hu\\\/hu\\\/#organization\",\"name\":\"Novopayment | POS termin\u00e1l \u00e9s online fizet\u00e9si megold\u00e1sok\",\"url\":\"https:\\\/\\\/novopayment.hu\\\/hu\\\/\",\"logo\":{\"@type\":\"ImageObject\",\"inLanguage\":\"hu\",\"@id\":\"https:\\\/\\\/novopayment.hu\\\/hu\\\/#\\\/schema\\\/logo\\\/image\\\/\",\"url\":\"https:\\\/\\\/novopayment.hu\\\/wp-content\\\/uploads\\\/2024\\\/06\\\/novopayment_logo_default.png\",\"contentUrl\":\"https:\\\/\\\/novopayment.hu\\\/wp-content\\\/uploads\\\/2024\\\/06\\\/novopayment_logo_default.png\",\"width\":124,\"height\":40,\"caption\":\"Novopayment | POS termin\u00e1l \u00e9s online fizet\u00e9si megold\u00e1sok\"},\"image\":{\"@id\":\"https:\\\/\\\/novopayment.hu\\\/hu\\\/#\\\/schema\\\/logo\\\/image\\\/\"}}]}<\/script>\n<!-- \/ Yoast SEO plugin. -->","yoast_head_json":{"title":"Pax S800 - ProPay Csomag - Novopayment | POS termin\u00e1l \u00e9s online fizet\u00e9si megold\u00e1sok","robots":{"index":"index","follow":"follow","max-snippet":"max-snippet:-1","max-image-preview":"max-image-preview:large","max-video-preview":"max-video-preview:-1"},"canonical":"https:\/\/novopayment.hu\/hu\/termek\/pax-s800-xl-csomag\/","og_locale":"hu_HU","og_type":"article","og_title":"Pax S800 - ProPay Csomag - Novopayment | POS termin\u00e1l \u00e9s online fizet\u00e9si megold\u00e1sok","og_description":"Ide\u00e1lis v\u00e1laszt\u00e1s keresked\u00e9sek sz\u00e1m\u00e1ra, ahol nem sz\u00fcks\u00e9ges a hordozhat\u00f3 k\u00e9sz\u00fcl\u00e9k.","og_url":"https:\/\/novopayment.hu\/hu\/termek\/pax-s800-xl-csomag\/","og_site_name":"Novopayment | POS termin\u00e1l \u00e9s online fizet\u00e9si megold\u00e1sok","article_modified_time":"2025-09-22T08:52:08+00:00","og_image":[{"width":808,"height":640,"url":"https:\/\/novopayment.hu\/wp-content\/uploads\/2024\/06\/novopayment_Pax_S800_post_terminal.png","type":"image\/png"}],"twitter_card":"summary_large_image","twitter_misc":{"Becs\u00fclt olvas\u00e1si id\u0151":"1 perc"},"schema":{"@context":"https:\/\/schema.org","@graph":[{"@type":"WebPage","@id":"https:\/\/novopayment.hu\/hu\/termek\/pax-s800-xl-csomag\/","url":"https:\/\/novopayment.hu\/hu\/termek\/pax-s800-xl-csomag\/","name":"Pax S800 - ProPay Csomag - Novopayment | POS termin\u00e1l \u00e9s online fizet\u00e9si megold\u00e1sok","isPartOf":{"@id":"https:\/\/novopayment.hu\/hu\/#website"},"primaryImageOfPage":{"@id":"https:\/\/novopayment.hu\/hu\/termek\/pax-s800-xl-csomag\/#primaryimage"},"image":{"@id":"https:\/\/novopayment.hu\/hu\/termek\/pax-s800-xl-csomag\/#primaryimage"},"thumbnailUrl":"https:\/\/novopayment.hu\/wp-content\/uploads\/2024\/06\/novopayment_Pax_S800_post_terminal.png","datePublished":"2025-09-12T15:49:55+00:00","dateModified":"2025-09-22T08:52:08+00:00","breadcrumb":{"@id":"https:\/\/novopayment.hu\/hu\/termek\/pax-s800-xl-csomag\/#breadcrumb"},"inLanguage":"hu","potentialAction":[{"@type":"ReadAction","target":["https:\/\/novopayment.hu\/hu\/termek\/pax-s800-xl-csomag\/"]}]},{"@type":"ImageObject","inLanguage":"hu","@id":"https:\/\/novopayment.hu\/hu\/termek\/pax-s800-xl-csomag\/#primaryimage","url":"https:\/\/novopayment.hu\/wp-content\/uploads\/2024\/06\/novopayment_Pax_S800_post_terminal.png","contentUrl":"https:\/\/novopayment.hu\/wp-content\/uploads\/2024\/06\/novopayment_Pax_S800_post_terminal.png","width":808,"height":640},{"@type":"BreadcrumbList","@id":"https:\/\/novopayment.hu\/hu\/termek\/pax-s800-xl-csomag\/#breadcrumb","itemListElement":[{"@type":"ListItem","position":1,"name":"Kezd\u0151lap","item":"https:\/\/novopayment.hu\/hu\/"},{"@type":"ListItem","position":2,"name":"POS termin\u00e1l","item":"https:\/\/novopayment.hu\/hu\/bankfuggetlen-pos-terminal\/"},{"@type":"ListItem","position":3,"name":"Pax S800 &#8211; ProPay Csomag"}]},{"@type":"WebSite","@id":"https:\/\/novopayment.hu\/hu\/#website","url":"https:\/\/novopayment.hu\/hu\/","name":"Novopayment | POS termin\u00e1l \u00e9s online fizet\u00e9si megold\u00e1sok","description":"","publisher":{"@id":"https:\/\/novopayment.hu\/hu\/#organization"},"potentialAction":[{"@type":"SearchAction","target":{"@type":"EntryPoint","urlTemplate":"https:\/\/novopayment.hu\/hu\/?s={search_term_string}"},"query-input":{"@type":"PropertyValueSpecification","valueRequired":true,"valueName":"search_term_string"}}],"inLanguage":"hu"},{"@type":"Organization","@id":"https:\/\/novopayment.hu\/hu\/#organization","name":"Novopayment | POS termin\u00e1l \u00e9s online fizet\u00e9si megold\u00e1sok","url":"https:\/\/novopayment.hu\/hu\/","logo":{"@type":"ImageObject","inLanguage":"hu","@id":"https:\/\/novopayment.hu\/hu\/#\/schema\/logo\/image\/","url":"https:\/\/novopayment.hu\/wp-content\/uploads\/2024\/06\/novopayment_logo_default.png","contentUrl":"https:\/\/novopayment.hu\/wp-content\/uploads\/2024\/06\/novopayment_logo_default.png","width":124,"height":40,"caption":"Novopayment | POS termin\u00e1l \u00e9s online fizet\u00e9si megold\u00e1sok"},"image":{"@id":"https:\/\/novopayment.hu\/hu\/#\/schema\/logo\/image\/"}}]}},"_links":{"self":[{"href":"https:\/\/novopayment.hu\/hu\/wp-json\/wp\/v2\/product\/6927","targetHints":{"allow":["GET"]}}],"collection":[{"href":"https:\/\/novopayment.hu\/hu\/wp-json\/wp\/v2\/product"}],"about":[{"href":"https:\/\/novopayment.hu\/hu\/wp-json\/wp\/v2\/types\/product"}],"wp:featuredmedia":[{"embeddable":true,"href":"https:\/\/novopayment.hu\/hu\/wp-json\/wp\/v2\/media\/346"}],"wp:attachment":[{"href":"https:\/\/novopayment.hu\/hu\/wp-json\/wp\/v2\/media?parent=6927"}],"wp:term":[{"taxonomy":"product_brand","embeddable":true,"href":"https:\/\/novopayment.hu\/hu\/wp-json\/wp\/v2\/product_brand?post=6927"},{"taxonomy":"product_cat","embeddable":true,"href":"https:\/\/novopayment.hu\/hu\/wp-json\/wp\/v2\/product_cat?post=6927"},{"taxonomy":"product_tag","embeddable":true,"href":"https:\/\/novopayment.hu\/hu\/wp-json\/wp\/v2\/product_tag?post=6927"}],"curies":[{"name":"wp","href":"https:\/\/api.w.org\/{rel}","templated":true}]}}