{"id":6917,"date":"2025-09-12T17:28:24","date_gmt":"2025-09-12T15:28:24","guid":{"rendered":"https:\/\/novopayment.hu\/?post_type=product&#038;p=6917"},"modified":"2025-09-22T10:52:11","modified_gmt":"2025-09-22T08:52:11","slug":"pax-a80-m-csomag","status":"publish","type":"product","link":"https:\/\/novopayment.hu\/hu\/termek\/pax-a80-m-csomag\/","title":{"rendered":"Pax A80 &#8211; SmartPay csomag"},"content":{"rendered":"<p>\u00daj gener\u00e1ci\u00f3s asztali POS termin\u00e1l. Gyors, modern, k\u00e9nyelmes haszn\u00e1lat.<\/p>\n","protected":false},"excerpt":{"rendered":"<p>\u00daj gener\u00e1ci\u00f3s asztali POS termin\u00e1l. Gyors, modern, k\u00e9nyelmes haszn\u00e1lat.<\/p>\n","protected":false},"featured_media":344,"template":"","meta":{"_acf_changed":false},"product_brand":[],"product_cat":[70,72],"product_tag":[],"class_list":{"0":"post-6917","1":"product","2":"type-product","3":"status-publish","4":"has-post-thumbnail","6":"product_cat-csomagajanlatok","7":"product_cat-pax-a80","9":"first","10":"instock","11":"shipping-taxable","12":"purchasable","13":"product-type-simple"},"acf":[],"yoast_head":"<!-- This site is optimized with the Yoast SEO plugin v26.6 - https:\/\/yoast.com\/wordpress\/plugins\/seo\/ -->\n<title>Pax A80 - SmartPay csomag - Novopayment | POS termin\u00e1l \u00e9s online fizet\u00e9si megold\u00e1sok<\/title>\n<meta name=\"robots\" content=\"index, follow, max-snippet:-1, max-image-preview:large, max-video-preview:-1\" \/>\n<link rel=\"canonical\" href=\"https:\/\/novopayment.hu\/hu\/termek\/pax-a80-m-csomag\/\" \/>\n<meta property=\"og:locale\" content=\"hu_HU\" \/>\n<meta property=\"og:type\" content=\"article\" \/>\n<meta property=\"og:title\" content=\"Pax A80 - SmartPay csomag - Novopayment | POS termin\u00e1l \u00e9s online fizet\u00e9si megold\u00e1sok\" \/>\n<meta property=\"og:description\" content=\"\u00daj gener\u00e1ci\u00f3s asztali POS termin\u00e1l. Gyors, modern, k\u00e9nyelmes haszn\u00e1lat.\" \/>\n<meta property=\"og:url\" content=\"https:\/\/novopayment.hu\/hu\/termek\/pax-a80-m-csomag\/\" \/>\n<meta property=\"og:site_name\" content=\"Novopayment | POS termin\u00e1l \u00e9s online fizet\u00e9si megold\u00e1sok\" \/>\n<meta property=\"article:modified_time\" content=\"2025-09-22T08:52:11+00:00\" \/>\n<meta property=\"og:image\" content=\"https:\/\/novopayment.hu\/wp-content\/uploads\/2024\/06\/novopayment_Pax_A80_post_terminal.png\" \/>\n\t<meta property=\"og:image:width\" content=\"808\" \/>\n\t<meta property=\"og:image:height\" content=\"640\" \/>\n\t<meta property=\"og:image:type\" content=\"image\/png\" \/>\n<meta name=\"twitter:card\" content=\"summary_large_image\" \/>\n<meta name=\"twitter:label1\" content=\"Becs\u00fclt olvas\u00e1si id\u0151\" \/>\n\t<meta name=\"twitter:data1\" content=\"1 perc\" \/>\n<script type=\"application\/ld+json\" class=\"yoast-schema-graph\">{\"@context\":\"https:\/\/schema.org\",\"@graph\":[{\"@type\":\"WebPage\",\"@id\":\"https:\/\/novopayment.hu\/hu\/termek\/pax-a80-m-csomag\/\",\"url\":\"https:\/\/novopayment.hu\/hu\/termek\/pax-a80-m-csomag\/\",\"name\":\"Pax A80 - SmartPay csomag - Novopayment | POS termin\u00e1l \u00e9s online fizet\u00e9si megold\u00e1sok\",\"isPartOf\":{\"@id\":\"https:\/\/novopayment.hu\/hu\/#website\"},\"primaryImageOfPage\":{\"@id\":\"https:\/\/novopayment.hu\/hu\/termek\/pax-a80-m-csomag\/#primaryimage\"},\"image\":{\"@id\":\"https:\/\/novopayment.hu\/hu\/termek\/pax-a80-m-csomag\/#primaryimage\"},\"thumbnailUrl\":\"https:\/\/novopayment.hu\/wp-content\/uploads\/2024\/06\/novopayment_Pax_A80_post_terminal.png\",\"datePublished\":\"2025-09-12T15:28:24+00:00\",\"dateModified\":\"2025-09-22T08:52:11+00:00\",\"breadcrumb\":{\"@id\":\"https:\/\/novopayment.hu\/hu\/termek\/pax-a80-m-csomag\/#breadcrumb\"},\"inLanguage\":\"hu\",\"potentialAction\":[{\"@type\":\"ReadAction\",\"target\":[\"https:\/\/novopayment.hu\/hu\/termek\/pax-a80-m-csomag\/\"]}]},{\"@type\":\"ImageObject\",\"inLanguage\":\"hu\",\"@id\":\"https:\/\/novopayment.hu\/hu\/termek\/pax-a80-m-csomag\/#primaryimage\",\"url\":\"https:\/\/novopayment.hu\/wp-content\/uploads\/2024\/06\/novopayment_Pax_A80_post_terminal.png\",\"contentUrl\":\"https:\/\/novopayment.hu\/wp-content\/uploads\/2024\/06\/novopayment_Pax_A80_post_terminal.png\",\"width\":808,\"height\":640},{\"@type\":\"BreadcrumbList\",\"@id\":\"https:\/\/novopayment.hu\/hu\/termek\/pax-a80-m-csomag\/#breadcrumb\",\"itemListElement\":[{\"@type\":\"ListItem\",\"position\":1,\"name\":\"Kezd\u0151lap\",\"item\":\"https:\/\/novopayment.hu\/hu\/\"},{\"@type\":\"ListItem\",\"position\":2,\"name\":\"POS termin\u00e1l\",\"item\":\"https:\/\/novopayment.hu\/hu\/bankfuggetlen-pos-terminal\/\"},{\"@type\":\"ListItem\",\"position\":3,\"name\":\"Pax A80 &#8211; SmartPay csomag\"}]},{\"@type\":\"WebSite\",\"@id\":\"https:\/\/novopayment.hu\/hu\/#website\",\"url\":\"https:\/\/novopayment.hu\/hu\/\",\"name\":\"Novopayment | POS termin\u00e1l \u00e9s online fizet\u00e9si megold\u00e1sok\",\"description\":\"\",\"publisher\":{\"@id\":\"https:\/\/novopayment.hu\/hu\/#organization\"},\"potentialAction\":[{\"@type\":\"SearchAction\",\"target\":{\"@type\":\"EntryPoint\",\"urlTemplate\":\"https:\/\/novopayment.hu\/hu\/?s={search_term_string}\"},\"query-input\":{\"@type\":\"PropertyValueSpecification\",\"valueRequired\":true,\"valueName\":\"search_term_string\"}}],\"inLanguage\":\"hu\"},{\"@type\":\"Organization\",\"@id\":\"https:\/\/novopayment.hu\/hu\/#organization\",\"name\":\"Novopayment | POS termin\u00e1l \u00e9s online fizet\u00e9si megold\u00e1sok\",\"url\":\"https:\/\/novopayment.hu\/hu\/\",\"logo\":{\"@type\":\"ImageObject\",\"inLanguage\":\"hu\",\"@id\":\"https:\/\/novopayment.hu\/hu\/#\/schema\/logo\/image\/\",\"url\":\"https:\/\/novopayment.hu\/wp-content\/uploads\/2024\/06\/novopayment_logo_default.png\",\"contentUrl\":\"https:\/\/novopayment.hu\/wp-content\/uploads\/2024\/06\/novopayment_logo_default.png\",\"width\":124,\"height\":40,\"caption\":\"Novopayment | POS termin\u00e1l \u00e9s online fizet\u00e9si megold\u00e1sok\"},\"image\":{\"@id\":\"https:\/\/novopayment.hu\/hu\/#\/schema\/logo\/image\/\"}}]}<\/script>\n<!-- \/ Yoast SEO plugin. -->","yoast_head_json":{"title":"Pax A80 - SmartPay csomag - Novopayment | POS termin\u00e1l \u00e9s online fizet\u00e9si megold\u00e1sok","robots":{"index":"index","follow":"follow","max-snippet":"max-snippet:-1","max-image-preview":"max-image-preview:large","max-video-preview":"max-video-preview:-1"},"canonical":"https:\/\/novopayment.hu\/hu\/termek\/pax-a80-m-csomag\/","og_locale":"hu_HU","og_type":"article","og_title":"Pax A80 - SmartPay csomag - Novopayment | POS termin\u00e1l \u00e9s online fizet\u00e9si megold\u00e1sok","og_description":"\u00daj gener\u00e1ci\u00f3s asztali POS termin\u00e1l. Gyors, modern, k\u00e9nyelmes haszn\u00e1lat.","og_url":"https:\/\/novopayment.hu\/hu\/termek\/pax-a80-m-csomag\/","og_site_name":"Novopayment | POS termin\u00e1l \u00e9s online fizet\u00e9si megold\u00e1sok","article_modified_time":"2025-09-22T08:52:11+00:00","og_image":[{"width":808,"height":640,"url":"https:\/\/novopayment.hu\/wp-content\/uploads\/2024\/06\/novopayment_Pax_A80_post_terminal.png","type":"image\/png"}],"twitter_card":"summary_large_image","twitter_misc":{"Becs\u00fclt olvas\u00e1si id\u0151":"1 perc"},"schema":{"@context":"https:\/\/schema.org","@graph":[{"@type":"WebPage","@id":"https:\/\/novopayment.hu\/hu\/termek\/pax-a80-m-csomag\/","url":"https:\/\/novopayment.hu\/hu\/termek\/pax-a80-m-csomag\/","name":"Pax A80 - SmartPay csomag - Novopayment | POS termin\u00e1l \u00e9s online fizet\u00e9si megold\u00e1sok","isPartOf":{"@id":"https:\/\/novopayment.hu\/hu\/#website"},"primaryImageOfPage":{"@id":"https:\/\/novopayment.hu\/hu\/termek\/pax-a80-m-csomag\/#primaryimage"},"image":{"@id":"https:\/\/novopayment.hu\/hu\/termek\/pax-a80-m-csomag\/#primaryimage"},"thumbnailUrl":"https:\/\/novopayment.hu\/wp-content\/uploads\/2024\/06\/novopayment_Pax_A80_post_terminal.png","datePublished":"2025-09-12T15:28:24+00:00","dateModified":"2025-09-22T08:52:11+00:00","breadcrumb":{"@id":"https:\/\/novopayment.hu\/hu\/termek\/pax-a80-m-csomag\/#breadcrumb"},"inLanguage":"hu","potentialAction":[{"@type":"ReadAction","target":["https:\/\/novopayment.hu\/hu\/termek\/pax-a80-m-csomag\/"]}]},{"@type":"ImageObject","inLanguage":"hu","@id":"https:\/\/novopayment.hu\/hu\/termek\/pax-a80-m-csomag\/#primaryimage","url":"https:\/\/novopayment.hu\/wp-content\/uploads\/2024\/06\/novopayment_Pax_A80_post_terminal.png","contentUrl":"https:\/\/novopayment.hu\/wp-content\/uploads\/2024\/06\/novopayment_Pax_A80_post_terminal.png","width":808,"height":640},{"@type":"BreadcrumbList","@id":"https:\/\/novopayment.hu\/hu\/termek\/pax-a80-m-csomag\/#breadcrumb","itemListElement":[{"@type":"ListItem","position":1,"name":"Kezd\u0151lap","item":"https:\/\/novopayment.hu\/hu\/"},{"@type":"ListItem","position":2,"name":"POS termin\u00e1l","item":"https:\/\/novopayment.hu\/hu\/bankfuggetlen-pos-terminal\/"},{"@type":"ListItem","position":3,"name":"Pax A80 &#8211; SmartPay csomag"}]},{"@type":"WebSite","@id":"https:\/\/novopayment.hu\/hu\/#website","url":"https:\/\/novopayment.hu\/hu\/","name":"Novopayment | POS termin\u00e1l \u00e9s online fizet\u00e9si megold\u00e1sok","description":"","publisher":{"@id":"https:\/\/novopayment.hu\/hu\/#organization"},"potentialAction":[{"@type":"SearchAction","target":{"@type":"EntryPoint","urlTemplate":"https:\/\/novopayment.hu\/hu\/?s={search_term_string}"},"query-input":{"@type":"PropertyValueSpecification","valueRequired":true,"valueName":"search_term_string"}}],"inLanguage":"hu"},{"@type":"Organization","@id":"https:\/\/novopayment.hu\/hu\/#organization","name":"Novopayment | POS termin\u00e1l \u00e9s online fizet\u00e9si megold\u00e1sok","url":"https:\/\/novopayment.hu\/hu\/","logo":{"@type":"ImageObject","inLanguage":"hu","@id":"https:\/\/novopayment.hu\/hu\/#\/schema\/logo\/image\/","url":"https:\/\/novopayment.hu\/wp-content\/uploads\/2024\/06\/novopayment_logo_default.png","contentUrl":"https:\/\/novopayment.hu\/wp-content\/uploads\/2024\/06\/novopayment_logo_default.png","width":124,"height":40,"caption":"Novopayment | POS termin\u00e1l \u00e9s online fizet\u00e9si megold\u00e1sok"},"image":{"@id":"https:\/\/novopayment.hu\/hu\/#\/schema\/logo\/image\/"}}]}},"_links":{"self":[{"href":"https:\/\/novopayment.hu\/hu\/wp-json\/wp\/v2\/product\/6917","targetHints":{"allow":["GET"]}}],"collection":[{"href":"https:\/\/novopayment.hu\/hu\/wp-json\/wp\/v2\/product"}],"about":[{"href":"https:\/\/novopayment.hu\/hu\/wp-json\/wp\/v2\/types\/product"}],"wp:featuredmedia":[{"embeddable":true,"href":"https:\/\/novopayment.hu\/hu\/wp-json\/wp\/v2\/media\/344"}],"wp:attachment":[{"href":"https:\/\/novopayment.hu\/hu\/wp-json\/wp\/v2\/media?parent=6917"}],"wp:term":[{"taxonomy":"product_brand","embeddable":true,"href":"https:\/\/novopayment.hu\/hu\/wp-json\/wp\/v2\/product_brand?post=6917"},{"taxonomy":"product_cat","embeddable":true,"href":"https:\/\/novopayment.hu\/hu\/wp-json\/wp\/v2\/product_cat?post=6917"},{"taxonomy":"product_tag","embeddable":true,"href":"https:\/\/novopayment.hu\/hu\/wp-json\/wp\/v2\/product_tag?post=6917"}],"curies":[{"name":"wp","href":"https:\/\/api.w.org\/{rel}","templated":true}]}}