{"id":8075,"date":"2026-02-05T13:17:35","date_gmt":"2026-02-05T12:17:35","guid":{"rendered":"https:\/\/novopayment.hu\/?page_id=8075"},"modified":"2026-02-05T13:19:23","modified_gmt":"2026-02-05T12:19:23","slug":"back-office-manager","status":"publish","type":"page","link":"https:\/\/novopayment.hu\/hu\/back-office-manager\/","title":{"rendered":"Back Office Manager \u2013 Adminisztr\u00e1ci\u00f3\/ \u00dcgyf\u00e9lszolg\u00e1lat, Oper\u00e1ci\u00f3"},"content":{"rendered":"<div class=\"fusion-fullwidth fullwidth-box fusion-builder-row-1 fusion-flex-container nonhundred-percent-fullwidth non-hundred-percent-height-scrolling\" style=\"--awb-border-radius-top-left:0px;--awb-border-radius-top-right:0px;--awb-border-radius-bottom-right:0px;--awb-border-radius-bottom-left:0px;--awb-flex-wrap:wrap;\" ><div class=\"fusion-builder-row fusion-row fusion-flex-align-items-flex-start fusion-flex-content-wrap\" style=\"max-width:1181.44px;margin-left: calc(-4% \/ 2 );margin-right: calc(-4% \/ 2 );\"><div class=\"fusion-layout-column fusion_builder_column fusion-builder-column-0 fusion_builder_column_1_1 1_1 fusion-flex-column\" style=\"--awb-bg-size:cover;--awb-width-large:100%;--awb-margin-top-large:0px;--awb-spacing-right-large:1.92%;--awb-margin-bottom-large:0px;--awb-spacing-left-large:1.92%;--awb-width-medium:100%;--awb-spacing-right-medium:1.92%;--awb-spacing-left-medium:1.92%;--awb-width-small:100%;--awb-spacing-right-small:1.92%;--awb-spacing-left-small:1.92%;\"><div class=\"fusion-column-wrapper fusion-flex-justify-content-flex-start fusion-content-layout-column\"><div class=\"fusion-title title fusion-title-1 fusion-sep-none fusion-title-center fusion-title-text fusion-title-size-one\" style=\"--awb-text-color:var(--awb-custom_color_8);--awb-margin-bottom:32px;--awb-font-size:var(--awb-custom_typography_5-font-size);\"><h1 class=\"fusion-title-heading title-heading-center fusion-responsive-typography-calculated\" style=\"font-family:var(--awb-custom_typography_5-font-family);font-weight:var(--awb-custom_typography_5-font-weight);font-style:var(--awb-custom_typography_5-font-style);margin:0;letter-spacing:var(--awb-custom_typography_5-letter-spacing);text-transform:var(--awb-custom_typography_5-text-transform);font-size:1em;--fontSize:22.3125;--minFontSize:22.3125;line-height:var(--awb-custom_typography_5-line-height);\">Back Office Manager \u2013 Adminisztr\u00e1ci\u00f3\/ \u00dcgyf\u00e9lszolg\u00e1lat, Oper\u00e1ci\u00f3<\/h1><\/div><div class=\"fusion-text fusion-text-1\"><p class=\"p1\"><b>Munkaviszony:<\/b><b><\/b><\/p>\n<p class=\"p2\">Hat\u00e1rozatlan idej\u0171, teljes munkaid\u0151<\/p>\n<p class=\"p1\"><b>Munkav\u00e9gz\u00e9s kezdete:<\/b><b><\/b><\/p>\n<p class=\"p3\">2026.03.01.<\/p>\n<p class=\"p1\"><b>A feladatk\u00f6r le\u00edr\u00e1sa:<\/b><b><\/b><\/p>\n<p class=\"p4\">Leend\u0151 munkat\u00e1rsunk az \u00e9rt\u00e9kes\u00edt\u00e9si csoport \u00e9s az \u00fcgyfelek t\u00e1mogat\u00e1s\u00e1val seg\u00edti a Back Office munk\u00e1j\u00e1t. Az \u00fcgyfeleink szerz\u0151d\u00e9seivel kapcsolatosan int\u00e9z \u00fcgyeket, old meg probl\u00e9m\u00e1kat, egyeztet a t\u00e1rsoszt\u00e1lyokkal (magyarul\/angolul) annak \u00e9rdek\u00e9ben, hogy \u00fcgyfeleink z\u00f6kken\u0151mentesen forgalmazhassanak k\u00e1rtyaelfogad\u00f3 termin\u00e1ljaikon.<\/p>\n<p class=\"p4\">A munkak\u00f6r velej\u00e1r\u00f3ja az \u00e9rt\u00e9kes\u00edt\u0151k, rajtuk kereszt\u00fcl az \u00fcgyfeleink k\u00e9r\u00e9seinek maxim\u00e1lis kiszolg\u00e1l\u00e1sa \u00fagy, hogy a Back Office ter\u00fclet \u00fczemszer\u0171 m\u0171k\u00f6d\u00e9se is biztos\u00edtva legyen. \u00daj koll\u00e9g\u00e1nk r\u00f6vid id\u0151n bel\u00fcl \u00f6n\u00e1ll\u00f3an, saj\u00e1t hat\u00e1sk\u00f6r\u00e9n bel\u00fcl hoz d\u00f6nt\u00e9seket, betartja \u00e9s betartatja a szab\u00e1lyokat.<\/p>\n<p class=\"p1\"><b>Feladatok:<\/b><b><\/b><\/p>\n<ul class=\"ul1\">\n<li class=\"li2\">POS termin\u00e1lok telep\u00edt\u00e9s\u00e9nek \/ leszerel\u00e9s\u00e9nek koordin\u00e1l\u00e1sa<\/li>\n<li class=\"li2\">POS termin\u00e1lok el\u0151k\u00e9sz\u00edt\u00e9se \u00e9s alap technikai jav\u00edt\u00e1sa<\/li>\n<li class=\"li2\">POS termin\u00e1lok k\u00e9szlet\u00e9nek fel\u00fcgyelete, egyeztet\u00e9s a partnerekkel<\/li>\n<li class=\"li2\">A Novopayment Kft-t megb\u00edz\u00f3 felek \u00e1ltal le\u00edrt \u00e9rt\u00e9kes\u00edt\u00e9si \u00e9s dokumentumkezel\u00e9si folyamat betart\u00e1sa<\/li>\n<li class=\"li2\">Az \u00e9rt\u00e9kes\u00edt\u0151k munk\u00e1j\u00e1nak t\u00e1mogat\u00e1sa<\/li>\n<li class=\"li2\">Szerz\u0151d\u00e9sek feldolgoz\u00e1sa, r\u00f6gz\u00edt\u00e9se \u00e9s tov\u00e1bb\u00edt\u00e1sa<\/li>\n<li class=\"li2\">Panaszkezel\u00e9s<\/li>\n<li class=\"li2\">Megl\u00e9v\u0151 \u00fcgyfelek ig\u00e9nyeinek kiszolg\u00e1l\u00e1sa, szerz\u0151d\u00e9sek m\u00f3dos\u00edt\u00e1sa<\/li>\n<li class=\"li2\">Megl\u00e9v\u0151 \u00fcgyfelek akt\u00edv felkeres\u00e9se telefonon, e-mailben<\/li>\n<li class=\"li2\">Kapcsolattart\u00e1s a r\u00e9gi\u00f3s k\u00f6zpontok t\u00e1mogat\u00f3 ter\u00fcleteivel angol \u00e9s magyar nyelven<\/li>\n<li class=\"li2\">Folyamatos kapcsolattart\u00e1s a partnerekkel<\/li>\n<li class=\"li2\">Fenti feladatok elv\u00e9gz\u00e9s\u00e9nek r\u00e9szletes dokument\u00e1l\u00e1sa, besz\u00e1mol\u00e1s a csoportvezet\u0151 fel\u00e9<\/li>\n<\/ul>\n<p class=\"p1\"><b>A leend\u0151 munkat\u00e1rsunk fel\u00e9 t\u00e1masztott ig\u00e9nyek:<\/b><b><\/b><\/p>\n<ul class=\"ul1\">\n<li class=\"li2\">Legal\u00e1bb k\u00f6z\u00e9pfok\u00fa iskolai v\u00e9gzetts\u00e9g<\/li>\n<li class=\"li2\">Magabiztos angol nyelv haszn\u00e1lat sz\u00f3ban \u00e9s \u00edr\u00e1sban<\/li>\n<li class=\"li2\">Office alkalmaz\u00e1sok magabiztos haszn\u00e1lata<\/li>\n<li class=\"li2\">\u00d6n\u00e1ll\u00f3, prec\u00edz munkav\u00e9gz\u00e9s<\/li>\n<li class=\"li2\">Technikai affinit\u00e1s<\/li>\n<li class=\"li2\">Rendszeret\u0151, megold\u00e1skeres\u0151 hozz\u00e1\u00e1ll\u00e1s<\/li>\n<li class=\"li2\">\u00dcgyf\u00e9lorient\u00e1lt szeml\u00e9let<\/li>\n<li class=\"li2\">B\u00fcntetlen el\u0151\u00e9let<\/li>\n<\/ul>\n<p class=\"p1\"><b>El\u0151nyt jelent:<\/b><b><\/b><\/p>\n<ul class=\"ul1\">\n<li class=\"li2\">K\u00e1rtyaelfogad\u00e1si ter\u00fcleten szerzett tapasztalat, \u00fcgyf\u00e9lszolg\u00e1laton szerzett tapasztalat<\/li>\n<\/ul>\n<p class=\"p1\"><b>Amit k\u00edn\u00e1lunk:<\/b><b><\/b><\/p>\n<ul class=\"ul1\">\n<li class=\"li2\">Biztos munkahely<\/li>\n<li class=\"li2\">Versenyk\u00e9pes j\u00f6vedelem<\/li>\n<li class=\"li2\">Angol nyelvi tr\u00e9ning<\/li>\n<li class=\"li2\">Professzion\u00e1lis munkak\u00f6r\u00fclm\u00e9nyek<\/li>\n<li class=\"li2\">C\u00e9ges laptop \u00e9s telefon<\/li>\n<li class=\"li2\">Csal\u00e1dias l\u00e9gk\u00f6r, \u201efeel good\u201d program<\/li>\n<li class=\"li2\">Csapat\u00e9p\u00edt\u0151k, k\u00f6z\u00f6s programok<\/li>\n<\/ul>\n<p class=\"p1\"><b>Poz\u00edci\u00f3 ter\u00fclete(i):<\/b><b><\/b><\/p>\n<ul class=\"ul1\">\n<li class=\"li2\"><b>Adminisztr\u00e1ci\u00f3 \/ Irodai munka<\/b><b><\/b><\/li>\n<li class=\"li2\">Adminisztr\u00e1tor<\/li>\n<li class=\"li2\">Dokumentumkezel\u0151<\/li>\n<li class=\"li2\">Technikai t\u00e1mogat\u00e1s<\/li>\n<\/ul>\n<p class=\"p1\"><b>Munkav\u00e9gz\u00e9s helye:<\/b><b><\/b><\/p>\n<p class=\"p2\">Budapest III. ker\u00fclet<\/p>\n<p class=\"p2\">K\u00e9rj\u00fck, k\u00fcldje el f\u00e9nyk\u00e9pes \u00f6n\u00e9letrajz\u00e1t \u00e9s bemutatkoz\u00e1s\u00e1t az <a href=\"mailto:ea@novopayment.hu\"><span class=\"s1\">ea@novopayment.hu<\/span><\/a> c\u00edmre. K\u00e9rj\u00fck, hogy a t\u00e1rgyban jel\u00f6lje meg a megp\u00e1ly\u00e1zott poz\u00edci\u00f3t.<\/p>\n<\/div><\/div><\/div><\/div><\/div>\n","protected":false},"excerpt":{"rendered":"","protected":false},"author":1,"featured_media":0,"parent":0,"menu_order":0,"comment_status":"closed","ping_status":"closed","template":"","meta":{"_acf_changed":false,"footnotes":""},"class_list":["post-8075","page","type-page","status-publish","hentry"],"acf":[],"yoast_head":"<!-- This site is optimized with the Yoast SEO plugin v26.6 - https:\/\/yoast.com\/wordpress\/plugins\/seo\/ -->\n<title>Back Office Manager \u2013 Adminisztr\u00e1ci\u00f3\/ \u00dcgyf\u00e9lszolg\u00e1lat, Oper\u00e1ci\u00f3 - Novopayment | POS termin\u00e1l \u00e9s online fizet\u00e9si megold\u00e1sok<\/title>\n<meta name=\"robots\" content=\"index, follow, max-snippet:-1, max-image-preview:large, max-video-preview:-1\" \/>\n<link rel=\"canonical\" href=\"https:\/\/novopayment.hu\/hu\/back-office-manager\/\" \/>\n<meta property=\"og:locale\" content=\"hu_HU\" \/>\n<meta property=\"og:type\" content=\"article\" \/>\n<meta property=\"og:title\" content=\"Back Office Manager \u2013 Adminisztr\u00e1ci\u00f3\/ \u00dcgyf\u00e9lszolg\u00e1lat, Oper\u00e1ci\u00f3 - Novopayment | POS termin\u00e1l \u00e9s online fizet\u00e9si megold\u00e1sok\" \/>\n<meta property=\"og:url\" content=\"https:\/\/novopayment.hu\/hu\/back-office-manager\/\" \/>\n<meta property=\"og:site_name\" content=\"Novopayment | POS termin\u00e1l \u00e9s online fizet\u00e9si megold\u00e1sok\" \/>\n<meta property=\"article:modified_time\" content=\"2026-02-05T12:19:23+00:00\" \/>\n<meta name=\"twitter:card\" content=\"summary_large_image\" \/>\n<meta name=\"twitter:label1\" content=\"Becs\u00fclt olvas\u00e1si id\u0151\" \/>\n\t<meta name=\"twitter:data1\" content=\"2 perc\" \/>\n<script type=\"application\/ld+json\" class=\"yoast-schema-graph\">{\"@context\":\"https:\/\/schema.org\",\"@graph\":[{\"@type\":\"WebPage\",\"@id\":\"https:\/\/novopayment.hu\/hu\/back-office-manager\/\",\"url\":\"https:\/\/novopayment.hu\/hu\/back-office-manager\/\",\"name\":\"Back Office Manager \u2013 Adminisztr\u00e1ci\u00f3\/ \u00dcgyf\u00e9lszolg\u00e1lat, Oper\u00e1ci\u00f3 - Novopayment | POS termin\u00e1l \u00e9s online fizet\u00e9si megold\u00e1sok\",\"isPartOf\":{\"@id\":\"https:\/\/novopayment.hu\/hu\/#website\"},\"datePublished\":\"2026-02-05T12:17:35+00:00\",\"dateModified\":\"2026-02-05T12:19:23+00:00\",\"breadcrumb\":{\"@id\":\"https:\/\/novopayment.hu\/hu\/back-office-manager\/#breadcrumb\"},\"inLanguage\":\"hu\",\"potentialAction\":[{\"@type\":\"ReadAction\",\"target\":[\"https:\/\/novopayment.hu\/hu\/back-office-manager\/\"]}]},{\"@type\":\"BreadcrumbList\",\"@id\":\"https:\/\/novopayment.hu\/hu\/back-office-manager\/#breadcrumb\",\"itemListElement\":[{\"@type\":\"ListItem\",\"position\":1,\"name\":\"Kezd\u0151lap\",\"item\":\"https:\/\/novopayment.hu\/hu\/\"},{\"@type\":\"ListItem\",\"position\":2,\"name\":\"Back Office Manager \u2013 Adminisztr\u00e1ci\u00f3\/ \u00dcgyf\u00e9lszolg\u00e1lat, Oper\u00e1ci\u00f3\"}]},{\"@type\":\"WebSite\",\"@id\":\"https:\/\/novopayment.hu\/hu\/#website\",\"url\":\"https:\/\/novopayment.hu\/hu\/\",\"name\":\"Novopayment | POS termin\u00e1l \u00e9s online fizet\u00e9si megold\u00e1sok\",\"description\":\"\",\"publisher\":{\"@id\":\"https:\/\/novopayment.hu\/hu\/#organization\"},\"potentialAction\":[{\"@type\":\"SearchAction\",\"target\":{\"@type\":\"EntryPoint\",\"urlTemplate\":\"https:\/\/novopayment.hu\/hu\/?s={search_term_string}\"},\"query-input\":{\"@type\":\"PropertyValueSpecification\",\"valueRequired\":true,\"valueName\":\"search_term_string\"}}],\"inLanguage\":\"hu\"},{\"@type\":\"Organization\",\"@id\":\"https:\/\/novopayment.hu\/hu\/#organization\",\"name\":\"Novopayment | POS termin\u00e1l \u00e9s online fizet\u00e9si megold\u00e1sok\",\"url\":\"https:\/\/novopayment.hu\/hu\/\",\"logo\":{\"@type\":\"ImageObject\",\"inLanguage\":\"hu\",\"@id\":\"https:\/\/novopayment.hu\/hu\/#\/schema\/logo\/image\/\",\"url\":\"https:\/\/novopayment.hu\/wp-content\/uploads\/2024\/06\/novopayment_logo_default.png\",\"contentUrl\":\"https:\/\/novopayment.hu\/wp-content\/uploads\/2024\/06\/novopayment_logo_default.png\",\"width\":124,\"height\":40,\"caption\":\"Novopayment | POS termin\u00e1l \u00e9s online fizet\u00e9si megold\u00e1sok\"},\"image\":{\"@id\":\"https:\/\/novopayment.hu\/hu\/#\/schema\/logo\/image\/\"}}]}<\/script>\n<!-- \/ Yoast SEO plugin. -->","yoast_head_json":{"title":"Back Office Manager \u2013 Adminisztr\u00e1ci\u00f3\/ \u00dcgyf\u00e9lszolg\u00e1lat, Oper\u00e1ci\u00f3 - Novopayment | POS termin\u00e1l \u00e9s online fizet\u00e9si megold\u00e1sok","robots":{"index":"index","follow":"follow","max-snippet":"max-snippet:-1","max-image-preview":"max-image-preview:large","max-video-preview":"max-video-preview:-1"},"canonical":"https:\/\/novopayment.hu\/hu\/back-office-manager\/","og_locale":"hu_HU","og_type":"article","og_title":"Back Office Manager \u2013 Adminisztr\u00e1ci\u00f3\/ \u00dcgyf\u00e9lszolg\u00e1lat, Oper\u00e1ci\u00f3 - Novopayment | POS termin\u00e1l \u00e9s online fizet\u00e9si megold\u00e1sok","og_url":"https:\/\/novopayment.hu\/hu\/back-office-manager\/","og_site_name":"Novopayment | POS termin\u00e1l \u00e9s online fizet\u00e9si megold\u00e1sok","article_modified_time":"2026-02-05T12:19:23+00:00","twitter_card":"summary_large_image","twitter_misc":{"Becs\u00fclt olvas\u00e1si id\u0151":"2 perc"},"schema":{"@context":"https:\/\/schema.org","@graph":[{"@type":"WebPage","@id":"https:\/\/novopayment.hu\/hu\/back-office-manager\/","url":"https:\/\/novopayment.hu\/hu\/back-office-manager\/","name":"Back Office Manager \u2013 Adminisztr\u00e1ci\u00f3\/ \u00dcgyf\u00e9lszolg\u00e1lat, Oper\u00e1ci\u00f3 - Novopayment | POS termin\u00e1l \u00e9s online fizet\u00e9si megold\u00e1sok","isPartOf":{"@id":"https:\/\/novopayment.hu\/hu\/#website"},"datePublished":"2026-02-05T12:17:35+00:00","dateModified":"2026-02-05T12:19:23+00:00","breadcrumb":{"@id":"https:\/\/novopayment.hu\/hu\/back-office-manager\/#breadcrumb"},"inLanguage":"hu","potentialAction":[{"@type":"ReadAction","target":["https:\/\/novopayment.hu\/hu\/back-office-manager\/"]}]},{"@type":"BreadcrumbList","@id":"https:\/\/novopayment.hu\/hu\/back-office-manager\/#breadcrumb","itemListElement":[{"@type":"ListItem","position":1,"name":"Kezd\u0151lap","item":"https:\/\/novopayment.hu\/hu\/"},{"@type":"ListItem","position":2,"name":"Back Office Manager \u2013 Adminisztr\u00e1ci\u00f3\/ \u00dcgyf\u00e9lszolg\u00e1lat, Oper\u00e1ci\u00f3"}]},{"@type":"WebSite","@id":"https:\/\/novopayment.hu\/hu\/#website","url":"https:\/\/novopayment.hu\/hu\/","name":"Novopayment | POS termin\u00e1l \u00e9s online fizet\u00e9si megold\u00e1sok","description":"","publisher":{"@id":"https:\/\/novopayment.hu\/hu\/#organization"},"potentialAction":[{"@type":"SearchAction","target":{"@type":"EntryPoint","urlTemplate":"https:\/\/novopayment.hu\/hu\/?s={search_term_string}"},"query-input":{"@type":"PropertyValueSpecification","valueRequired":true,"valueName":"search_term_string"}}],"inLanguage":"hu"},{"@type":"Organization","@id":"https:\/\/novopayment.hu\/hu\/#organization","name":"Novopayment | POS termin\u00e1l \u00e9s online fizet\u00e9si megold\u00e1sok","url":"https:\/\/novopayment.hu\/hu\/","logo":{"@type":"ImageObject","inLanguage":"hu","@id":"https:\/\/novopayment.hu\/hu\/#\/schema\/logo\/image\/","url":"https:\/\/novopayment.hu\/wp-content\/uploads\/2024\/06\/novopayment_logo_default.png","contentUrl":"https:\/\/novopayment.hu\/wp-content\/uploads\/2024\/06\/novopayment_logo_default.png","width":124,"height":40,"caption":"Novopayment | POS termin\u00e1l \u00e9s online fizet\u00e9si megold\u00e1sok"},"image":{"@id":"https:\/\/novopayment.hu\/hu\/#\/schema\/logo\/image\/"}}]}},"_links":{"self":[{"href":"https:\/\/novopayment.hu\/hu\/wp-json\/wp\/v2\/pages\/8075","targetHints":{"allow":["GET"]}}],"collection":[{"href":"https:\/\/novopayment.hu\/hu\/wp-json\/wp\/v2\/pages"}],"about":[{"href":"https:\/\/novopayment.hu\/hu\/wp-json\/wp\/v2\/types\/page"}],"author":[{"embeddable":true,"href":"https:\/\/novopayment.hu\/hu\/wp-json\/wp\/v2\/users\/1"}],"replies":[{"embeddable":true,"href":"https:\/\/novopayment.hu\/hu\/wp-json\/wp\/v2\/comments?post=8075"}],"version-history":[{"count":2,"href":"https:\/\/novopayment.hu\/hu\/wp-json\/wp\/v2\/pages\/8075\/revisions"}],"predecessor-version":[{"id":8078,"href":"https:\/\/novopayment.hu\/hu\/wp-json\/wp\/v2\/pages\/8075\/revisions\/8078"}],"wp:attachment":[{"href":"https:\/\/novopayment.hu\/hu\/wp-json\/wp\/v2\/media?parent=8075"}],"curies":[{"name":"wp","href":"https:\/\/api.w.org\/{rel}","templated":true}]}}