{"id":482,"date":"2024-06-17T06:24:53","date_gmt":"2024-06-17T04:24:53","guid":{"rendered":"https:\/\/novopayment.hu\/?page_id=482"},"modified":"2024-11-22T11:25:13","modified_gmt":"2024-11-22T10:25:13","slug":"sikeres-megrendeles","status":"publish","type":"page","link":"https:\/\/novopayment.hu\/hu\/pos-terminal-rendeles\/sikeres-megrendeles\/","title":{"rendered":"Sikeres megrendel\u00e9s"},"content":{"rendered":"<p><div class=\"fusion-fullwidth fullwidth-box fusion-builder-row-1 fusion-flex-container has-pattern-background has-mask-background nonhundred-percent-fullwidth non-hundred-percent-height-scrolling\" style=\"--awb-border-radius-top-left:0px;--awb-border-radius-top-right:0px;--awb-border-radius-bottom-right:0px;--awb-border-radius-bottom-left:0px;--awb-flex-wrap:wrap;\" ><div class=\"fusion-builder-row fusion-row fusion-flex-align-items-flex-start fusion-flex-justify-content-center fusion-flex-content-wrap\" style=\"max-width:1181.44px;margin-left: calc(-4% \/ 2 );margin-right: calc(-4% \/ 2 );\"><div class=\"fusion-layout-column fusion_builder_column fusion-builder-column-0 fusion_builder_column_2_3 2_3 fusion-flex-column\" style=\"--awb-bg-size:cover;--awb-width-large:66.666666666667%;--awb-margin-top-large:0px;--awb-spacing-right-large:2.88%;--awb-margin-bottom-large:64px;--awb-spacing-left-large:2.88%;--awb-width-medium:66.666666666667%;--awb-order-medium:0;--awb-spacing-right-medium:2.88%;--awb-margin-bottom-medium:64px;--awb-spacing-left-medium:2.88%;--awb-width-small:100%;--awb-order-small:0;--awb-spacing-right-small:1.92%;--awb-margin-bottom-small:40px;--awb-spacing-left-small:1.92%;\" data-scroll-devices=\"small-visibility,medium-visibility,large-visibility\"><div class=\"fusion-column-wrapper fusion-column-has-shadow fusion-flex-justify-content-flex-start fusion-content-layout-column\"><div class=\"fusion-title title fusion-title-1 fusion-sep-none fusion-title-center fusion-title-text fusion-title-size-one\" style=\"--awb-text-color:var(--awb-custom_color_8);--awb-margin-bottom:8px;--awb-margin-bottom-small:8px;--awb-margin-bottom-medium:8px;--awb-font-size:var(--awb-custom_typography_2-font-size);\"><h1 class=\"fusion-title-heading title-heading-center fusion-responsive-typography-calculated\" style=\"font-family:var(--awb-custom_typography_2-font-family);font-weight:var(--awb-custom_typography_2-font-weight);font-style:var(--awb-custom_typography_2-font-style);margin:0;letter-spacing:var(--awb-custom_typography_2-letter-spacing);text-transform:var(--awb-custom_typography_2-text-transform);font-size:1em;--fontSize:27.95625;line-height:var(--awb-custom_typography_2-line-height);\">POS termin\u00e1l rendel\u00e9s<\/h1><\/div><div class=\"fusion-text fusion-text-1\" style=\"--awb-content-alignment:center;--awb-font-size:var(--awb-custom_typography_12-font-size);--awb-line-height:var(--awb-custom_typography_12-line-height);--awb-letter-spacing:var(--awb-custom_typography_12-letter-spacing);--awb-text-transform:var(--awb-custom_typography_12-text-transform);--awb-text-color:var(--awb-color6);--awb-text-font-family:var(--awb-custom_typography_12-font-family);--awb-text-font-weight:var(--awb-custom_typography_12-font-weight);--awb-text-font-style:var(--awb-custom_typography_12-font-style);\"><p>A legjobb helyen j\u00e1rsz! Seg\u00edt\u00fcnk POS termin\u00e1lt v\u00e1lasztani \u00e9s ak\u00e1r p\u00e1r napon bel\u00fcl ind\u00edthatod is a fizet\u00e9selfogad\u00e1st! K\u00e9rheted egyedi aj\u00e1nlatunkat \u00e9s tan\u00e1csad\u00f3nk seg\u00edts\u00e9g\u00e9t is.<\/p>\n<\/div><\/div><\/div><\/div><\/div><div class=\"fusion-fullwidth fullwidth-box fusion-builder-row-2 fusion-flex-container has-pattern-background has-mask-background nonhundred-percent-fullwidth non-hundred-percent-height-scrolling\" style=\"--awb-border-radius-top-left:0px;--awb-border-radius-top-right:0px;--awb-border-radius-bottom-right:0px;--awb-border-radius-bottom-left:0px;--awb-margin-top:56px;--awb-margin-top-medium:48px;--awb-margin-top-small:40px;--awb-flex-wrap:wrap;\" ><div class=\"fusion-builder-row fusion-row fusion-flex-align-items-flex-start fusion-flex-content-wrap\" style=\"max-width:1181.44px;margin-left: calc(-4% \/ 2 );margin-right: calc(-4% \/ 2 );\"><div class=\"fusion-layout-column fusion_builder_column fusion-builder-column-1 fusion_builder_column_1_1 1_1 fusion-flex-column\" style=\"--awb-padding-top:32px;--awb-padding-right:32px;--awb-padding-bottom:32px;--awb-padding-left:32px;--awb-padding-top-medium:32px;--awb-padding-right-medium:32px;--awb-padding-bottom-medium:32px;--awb-padding-left-medium:32px;--awb-padding-top-small:32px;--awb-padding-right-small:32px;--awb-padding-bottom-small:32px;--awb-padding-left-small:32px;--awb-overflow:hidden;--awb-bg-image:linear-gradient(104deg, #1d91a5 0%,#004d7d 100%);--awb-bg-size:cover;--awb-border-radius:8px 8px 8px 8px;--awb-width-large:100%;--awb-margin-top-large:0px;--awb-spacing-right-large:1.92%;--awb-margin-bottom-large:0px;--awb-spacing-left-large:1.92%;--awb-width-medium:100%;--awb-order-medium:0;--awb-spacing-right-medium:1.92%;--awb-spacing-left-medium:1.92%;--awb-width-small:100%;--awb-order-small:0;--awb-spacing-right-small:1.92%;--awb-spacing-left-small:1.92%;\" data-scroll-devices=\"small-visibility,medium-visibility,large-visibility\"><div class=\"fusion-column-wrapper fusion-column-has-shadow fusion-flex-justify-content-flex-start fusion-content-layout-column\"><div class=\"fusion-builder-row fusion-builder-row-inner fusion-row fusion-flex-align-items-flex-start fusion-flex-content-wrap\" style=\"width:104% !important;max-width:104% !important;margin-left: calc(-4% \/ 2 );margin-right: calc(-4% \/ 2 );\"><div class=\"fusion-layout-column fusion_builder_column_inner fusion-builder-nested-column-0 fusion_builder_column_inner_1_2 1_2 fusion-flex-column\" style=\"--awb-bg-size:cover;--awb-width-large:50%;--awb-margin-top-large:0px;--awb-spacing-right-large:3.84%;--awb-margin-bottom-large:0px;--awb-spacing-left-large:3.84%;--awb-width-medium:50%;--awb-order-medium:0;--awb-spacing-right-medium:3.84%;--awb-spacing-left-medium:3.84%;--awb-width-small:100%;--awb-order-small:2;--awb-spacing-right-small:1.92%;--awb-spacing-left-small:1.92%;\" data-scroll-devices=\"small-visibility,medium-visibility,large-visibility\"><div class=\"fusion-column-wrapper fusion-column-has-shadow fusion-flex-justify-content-flex-start fusion-content-layout-column\"><\/div><\/div><div class=\"fusion-layout-column fusion_builder_column_inner fusion-builder-nested-column-1 fusion_builder_column_inner_1_2 1_2 fusion-flex-column\" style=\"--awb-padding-top:24px;--awb-padding-right:24px;--awb-padding-bottom:24px;--awb-padding-left:24px;--awb-padding-top-medium:24px;--awb-padding-right-medium:24px;--awb-padding-bottom-medium:24px;--awb-padding-left-medium:24px;--awb-padding-top-small:24px;--awb-padding-right-small:24px;--awb-padding-bottom-small:24px;--awb-padding-left-small:24px;--awb-overflow:hidden;--awb-bg-color:var(--awb-color1);--awb-bg-color-hover:var(--awb-color1);--awb-bg-size:cover;--awb-border-radius:8px 8px 8px 8px;--awb-width-large:50%;--awb-margin-top-large:0px;--awb-spacing-right-large:3.84%;--awb-margin-bottom-large:0px;--awb-spacing-left-large:3.84%;--awb-width-medium:50%;--awb-order-medium:0;--awb-spacing-right-medium:3.84%;--awb-spacing-left-medium:3.84%;--awb-width-small:100%;--awb-order-small:1;--awb-spacing-right-small:1.92%;--awb-margin-bottom-small:24px;--awb-spacing-left-small:1.92%;\" data-scroll-devices=\"small-visibility,medium-visibility,large-visibility\"><div class=\"fusion-column-wrapper fusion-column-has-shadow fusion-flex-justify-content-flex-start fusion-content-layout-column\"><div class=\"fusion-lottie fusion-lottie-1\" data-id=\"1\" style=\"--awb-margin-bottom:16px;--awb-max-width:200px;--awb-width:100%;\"><div class=\"fusion-lottie-animation lg-mx-auto lg-mx-auto\" data-path=\"https:\/\/novopayment.hu\/wp-content\/uploads\/2024\/06\/novopayment_success_order_animation.json\" data-loop=\"0\" data-reverse=\"0\" data-speed=\"1\" data-trigger=\"viewport\" data-start_point=\"0\" data-end_point=\"100\" data-animationoffset=\"top-into-view\"><lottie-player speed=\"1\"><\/lottie-player><\/div><\/div><div class=\"fusion-title title fusion-title-2 fusion-sep-none fusion-title-center fusion-title-text fusion-title-size-three\" style=\"--awb-text-color:var(--awb-custom_color_8);--awb-margin-bottom:16px;--awb-margin-bottom-small:16px;--awb-margin-bottom-medium:16px;--awb-font-size:var(--awb-custom_typography_4-font-size);\"><h3 class=\"fusion-title-heading title-heading-center fusion-responsive-typography-calculated\" style=\"font-family:var(--awb-custom_typography_4-font-family);font-weight:var(--awb-custom_typography_4-font-weight);font-style:var(--awb-custom_typography_4-font-style);margin:0;letter-spacing:var(--awb-custom_typography_4-letter-spacing);text-transform:uppercase;font-size:1em;--fontSize:22.3125;--minFontSize:22.3125;line-height:var(--awb-custom_typography_4-line-height);\">Sikeres megrendel\u00e9s!<\/h3><\/div><div class=\"fusion-text fusion-text-2\" style=\"--awb-font-size:var(--awb-custom_typography_12-font-size);--awb-line-height:var(--awb-custom_typography_12-line-height);--awb-letter-spacing:var(--awb-custom_typography_12-letter-spacing);--awb-text-transform:var(--awb-custom_typography_12-text-transform);--awb-text-color:var(--awb-color6);--awb-text-font-family:var(--awb-custom_typography_12-font-family);--awb-text-font-weight:var(--awb-custom_typography_12-font-weight);--awb-text-font-style:var(--awb-custom_typography_12-font-style);\"><p>Megrendel\u00e9sedet megkaptuk, k\u00f6sz\u00f6nj\u00fck! A megrendel\u00e9sr\u0151l a visszaigazol\u00e1st e-mail c\u00edmedre elk\u00fcldt\u00fck.<\/p>\n<\/div><\/div><\/div><\/div><\/div><\/div><\/div><\/div><\/p>\n","protected":false},"excerpt":{"rendered":"","protected":false},"author":1,"featured_media":0,"parent":17,"menu_order":0,"comment_status":"closed","ping_status":"closed","template":"100-width.php","meta":{"_acf_changed":false,"footnotes":""},"class_list":["post-482","page","type-page","status-publish","hentry"],"acf":[],"yoast_head":"<!-- This site is optimized with the Yoast SEO plugin v26.6 - https:\/\/yoast.com\/wordpress\/plugins\/seo\/ -->\n<title>Sikeres megrendel\u00e9s - Novopayment | POS termin\u00e1l \u00e9s online fizet\u00e9si megold\u00e1sok<\/title>\n<meta name=\"robots\" content=\"index, follow, max-snippet:-1, max-image-preview:large, max-video-preview:-1\" \/>\n<link rel=\"canonical\" href=\"https:\/\/novopayment.hu\/hu\/pos-terminal-rendeles\/sikeres-megrendeles\/\" \/>\n<meta property=\"og:locale\" content=\"hu_HU\" \/>\n<meta property=\"og:type\" content=\"article\" \/>\n<meta property=\"og:title\" content=\"Sikeres megrendel\u00e9s - Novopayment | POS termin\u00e1l \u00e9s online fizet\u00e9si megold\u00e1sok\" \/>\n<meta property=\"og:url\" content=\"https:\/\/novopayment.hu\/hu\/pos-terminal-rendeles\/sikeres-megrendeles\/\" \/>\n<meta property=\"og:site_name\" content=\"Novopayment | POS termin\u00e1l \u00e9s online fizet\u00e9si megold\u00e1sok\" \/>\n<meta property=\"article:modified_time\" content=\"2024-11-22T10:25:13+00:00\" \/>\n<meta name=\"twitter:card\" content=\"summary_large_image\" \/>\n<meta name=\"twitter:label1\" content=\"Becs\u00fclt olvas\u00e1si id\u0151\" \/>\n\t<meta name=\"twitter:data1\" content=\"2 perc\" \/>\n<script type=\"application\/ld+json\" class=\"yoast-schema-graph\">{\"@context\":\"https:\/\/schema.org\",\"@graph\":[{\"@type\":\"WebPage\",\"@id\":\"https:\/\/novopayment.hu\/hu\/pos-terminal-rendeles\/sikeres-megrendeles\/\",\"url\":\"https:\/\/novopayment.hu\/hu\/pos-terminal-rendeles\/sikeres-megrendeles\/\",\"name\":\"Sikeres megrendel\u00e9s - Novopayment | POS termin\u00e1l \u00e9s online fizet\u00e9si megold\u00e1sok\",\"isPartOf\":{\"@id\":\"https:\/\/novopayment.hu\/hu\/#website\"},\"datePublished\":\"2024-06-17T04:24:53+00:00\",\"dateModified\":\"2024-11-22T10:25:13+00:00\",\"breadcrumb\":{\"@id\":\"https:\/\/novopayment.hu\/hu\/pos-terminal-rendeles\/sikeres-megrendeles\/#breadcrumb\"},\"inLanguage\":\"hu\",\"potentialAction\":[{\"@type\":\"ReadAction\",\"target\":[\"https:\/\/novopayment.hu\/hu\/pos-terminal-rendeles\/sikeres-megrendeles\/\"]}]},{\"@type\":\"BreadcrumbList\",\"@id\":\"https:\/\/novopayment.hu\/hu\/pos-terminal-rendeles\/sikeres-megrendeles\/#breadcrumb\",\"itemListElement\":[{\"@type\":\"ListItem\",\"position\":1,\"name\":\"Kezd\u0151lap\",\"item\":\"https:\/\/novopayment.hu\/hu\/\"},{\"@type\":\"ListItem\",\"position\":2,\"name\":\"POS termin\u00e1l rendel\u00e9s\",\"item\":\"https:\/\/novopayment.hu\/hu\/pos-terminal-rendeles\/\"},{\"@type\":\"ListItem\",\"position\":3,\"name\":\"Sikeres megrendel\u00e9s\"}]},{\"@type\":\"WebSite\",\"@id\":\"https:\/\/novopayment.hu\/hu\/#website\",\"url\":\"https:\/\/novopayment.hu\/hu\/\",\"name\":\"Novopayment | POS termin\u00e1l \u00e9s online fizet\u00e9si megold\u00e1sok\",\"description\":\"\",\"publisher\":{\"@id\":\"https:\/\/novopayment.hu\/hu\/#organization\"},\"potentialAction\":[{\"@type\":\"SearchAction\",\"target\":{\"@type\":\"EntryPoint\",\"urlTemplate\":\"https:\/\/novopayment.hu\/hu\/?s={search_term_string}\"},\"query-input\":{\"@type\":\"PropertyValueSpecification\",\"valueRequired\":true,\"valueName\":\"search_term_string\"}}],\"inLanguage\":\"hu\"},{\"@type\":\"Organization\",\"@id\":\"https:\/\/novopayment.hu\/hu\/#organization\",\"name\":\"Novopayment | POS termin\u00e1l \u00e9s online fizet\u00e9si megold\u00e1sok\",\"url\":\"https:\/\/novopayment.hu\/hu\/\",\"logo\":{\"@type\":\"ImageObject\",\"inLanguage\":\"hu\",\"@id\":\"https:\/\/novopayment.hu\/hu\/#\/schema\/logo\/image\/\",\"url\":\"https:\/\/novopayment.hu\/wp-content\/uploads\/2024\/06\/novopayment_logo_default.png\",\"contentUrl\":\"https:\/\/novopayment.hu\/wp-content\/uploads\/2024\/06\/novopayment_logo_default.png\",\"width\":124,\"height\":40,\"caption\":\"Novopayment | POS termin\u00e1l \u00e9s online fizet\u00e9si megold\u00e1sok\"},\"image\":{\"@id\":\"https:\/\/novopayment.hu\/hu\/#\/schema\/logo\/image\/\"}}]}<\/script>\n<!-- \/ Yoast SEO plugin. -->","yoast_head_json":{"title":"Sikeres megrendel\u00e9s - Novopayment | POS termin\u00e1l \u00e9s online fizet\u00e9si megold\u00e1sok","robots":{"index":"index","follow":"follow","max-snippet":"max-snippet:-1","max-image-preview":"max-image-preview:large","max-video-preview":"max-video-preview:-1"},"canonical":"https:\/\/novopayment.hu\/hu\/pos-terminal-rendeles\/sikeres-megrendeles\/","og_locale":"hu_HU","og_type":"article","og_title":"Sikeres megrendel\u00e9s - Novopayment | POS termin\u00e1l \u00e9s online fizet\u00e9si megold\u00e1sok","og_url":"https:\/\/novopayment.hu\/hu\/pos-terminal-rendeles\/sikeres-megrendeles\/","og_site_name":"Novopayment | POS termin\u00e1l \u00e9s online fizet\u00e9si megold\u00e1sok","article_modified_time":"2024-11-22T10:25:13+00:00","twitter_card":"summary_large_image","twitter_misc":{"Becs\u00fclt olvas\u00e1si id\u0151":"2 perc"},"schema":{"@context":"https:\/\/schema.org","@graph":[{"@type":"WebPage","@id":"https:\/\/novopayment.hu\/hu\/pos-terminal-rendeles\/sikeres-megrendeles\/","url":"https:\/\/novopayment.hu\/hu\/pos-terminal-rendeles\/sikeres-megrendeles\/","name":"Sikeres megrendel\u00e9s - Novopayment | POS termin\u00e1l \u00e9s online fizet\u00e9si megold\u00e1sok","isPartOf":{"@id":"https:\/\/novopayment.hu\/hu\/#website"},"datePublished":"2024-06-17T04:24:53+00:00","dateModified":"2024-11-22T10:25:13+00:00","breadcrumb":{"@id":"https:\/\/novopayment.hu\/hu\/pos-terminal-rendeles\/sikeres-megrendeles\/#breadcrumb"},"inLanguage":"hu","potentialAction":[{"@type":"ReadAction","target":["https:\/\/novopayment.hu\/hu\/pos-terminal-rendeles\/sikeres-megrendeles\/"]}]},{"@type":"BreadcrumbList","@id":"https:\/\/novopayment.hu\/hu\/pos-terminal-rendeles\/sikeres-megrendeles\/#breadcrumb","itemListElement":[{"@type":"ListItem","position":1,"name":"Kezd\u0151lap","item":"https:\/\/novopayment.hu\/hu\/"},{"@type":"ListItem","position":2,"name":"POS termin\u00e1l rendel\u00e9s","item":"https:\/\/novopayment.hu\/hu\/pos-terminal-rendeles\/"},{"@type":"ListItem","position":3,"name":"Sikeres megrendel\u00e9s"}]},{"@type":"WebSite","@id":"https:\/\/novopayment.hu\/hu\/#website","url":"https:\/\/novopayment.hu\/hu\/","name":"Novopayment | POS termin\u00e1l \u00e9s online fizet\u00e9si megold\u00e1sok","description":"","publisher":{"@id":"https:\/\/novopayment.hu\/hu\/#organization"},"potentialAction":[{"@type":"SearchAction","target":{"@type":"EntryPoint","urlTemplate":"https:\/\/novopayment.hu\/hu\/?s={search_term_string}"},"query-input":{"@type":"PropertyValueSpecification","valueRequired":true,"valueName":"search_term_string"}}],"inLanguage":"hu"},{"@type":"Organization","@id":"https:\/\/novopayment.hu\/hu\/#organization","name":"Novopayment | POS termin\u00e1l \u00e9s online fizet\u00e9si megold\u00e1sok","url":"https:\/\/novopayment.hu\/hu\/","logo":{"@type":"ImageObject","inLanguage":"hu","@id":"https:\/\/novopayment.hu\/hu\/#\/schema\/logo\/image\/","url":"https:\/\/novopayment.hu\/wp-content\/uploads\/2024\/06\/novopayment_logo_default.png","contentUrl":"https:\/\/novopayment.hu\/wp-content\/uploads\/2024\/06\/novopayment_logo_default.png","width":124,"height":40,"caption":"Novopayment | POS termin\u00e1l \u00e9s online fizet\u00e9si megold\u00e1sok"},"image":{"@id":"https:\/\/novopayment.hu\/hu\/#\/schema\/logo\/image\/"}}]}},"_links":{"self":[{"href":"https:\/\/novopayment.hu\/hu\/wp-json\/wp\/v2\/pages\/482","targetHints":{"allow":["GET"]}}],"collection":[{"href":"https:\/\/novopayment.hu\/hu\/wp-json\/wp\/v2\/pages"}],"about":[{"href":"https:\/\/novopayment.hu\/hu\/wp-json\/wp\/v2\/types\/page"}],"author":[{"embeddable":true,"href":"https:\/\/novopayment.hu\/hu\/wp-json\/wp\/v2\/users\/1"}],"replies":[{"embeddable":true,"href":"https:\/\/novopayment.hu\/hu\/wp-json\/wp\/v2\/comments?post=482"}],"version-history":[{"count":26,"href":"https:\/\/novopayment.hu\/hu\/wp-json\/wp\/v2\/pages\/482\/revisions"}],"predecessor-version":[{"id":3538,"href":"https:\/\/novopayment.hu\/hu\/wp-json\/wp\/v2\/pages\/482\/revisions\/3538"}],"up":[{"embeddable":true,"href":"https:\/\/novopayment.hu\/hu\/wp-json\/wp\/v2\/pages\/17"}],"wp:attachment":[{"href":"https:\/\/novopayment.hu\/hu\/wp-json\/wp\/v2\/media?parent=482"}],"curies":[{"name":"wp","href":"https:\/\/api.w.org\/{rel}","templated":true}]}}