{"id":30,"date":"2024-06-13T14:04:59","date_gmt":"2024-06-13T12:04:59","guid":{"rendered":"https:\/\/novopayment.hu\/?page_id=30"},"modified":"2024-06-13T14:04:59","modified_gmt":"2024-06-13T12:04:59","slug":"impresszum","status":"publish","type":"page","link":"https:\/\/novopayment.hu\/hu\/impresszum\/","title":{"rendered":"Impresszum"},"content":{"rendered":"<table>\n<tbody>\n<tr>\n<th>V\u00e1llalkoz\u00e1s adatai<\/th>\n<\/tr>\n<\/tbody>\n<tbody>\n<tr>\n<td>C\u00e9gn\u00e9v<\/td>\n<td>Novopayment Kft.<\/td>\n<\/tr>\n<tr>\n<td>Sz\u00e9khely<\/td>\n<td>1034 Budapest, T\u00edm\u00e1r utca 20. IV. em.<\/td>\n<\/tr>\n<tr>\n<td>Levelez\u00e9si c\u00edm<\/td>\n<td>1034 Budapest, T\u00edm\u00e1r utca 20. IV. em.<\/td>\n<\/tr>\n<tr>\n<td>Ad\u00f3sz\u00e1m<\/td>\n<td>26118853-2-41<\/td>\n<\/tr>\n<tr>\n<td>A c\u00e9get bejegyz\u0151 hat\u00f3s\u00e1g<\/td>\n<td>F\u0151v\u00e1rosi T\u00f6rv\u00e9nysz\u00e9k C\u00e9gb\u00edr\u00f3s\u00e1ga<\/td>\n<\/tr>\n<tr>\n<td><\/td>\n<td><\/td>\n<\/tr>\n<tr>\n<td>Telefonsz\u00e1m<\/td>\n<td>+36 1 490 0234<\/td>\n<\/tr>\n<tr>\n<td><\/td>\n<td><\/td>\n<\/tr>\n<tr>\n<td>E-mail<\/td>\n<td>ceo@novopayment.hu<\/td>\n<\/tr>\n<tr>\n<td><\/td>\n<td><\/td>\n<\/tr>\n<\/tbody>\n<tbody>\n<tr>\n<th>T\u00e1rhelyszolg\u00e1ltat\u00f3 adatai<\/th>\n<\/tr>\n<\/tbody>\n<tbody>\n<tr>\n<td>C\u00e9gn\u00e9v<\/td>\n<td>AMAZON WEB SERVICES EMEA SOCI\u00c9T\u00c9 \u00c0 RESPONSABILIT\u00c9 LIMIT\u00c9E<\/td>\n<\/tr>\n<tr>\n<td>C\u00edm<\/td>\n<td>38 AVENUE JOHN F. KENNEDY, L-1855 LUXEMBOURG<\/td>\n<\/tr>\n<tr>\n<td>Contact<\/td>\n<td>https:\/\/aws.amazon.com\/contact-us\/<\/td>\n<\/tr>\n<\/tbody>\n<\/table>\n","protected":false},"excerpt":{"rendered":"<p>V\u00e1llalkoz\u00e1s adatai C\u00e9gn\u00e9v Novopayment Kft. Sz\u00e9khely 1034 Budapest, T\u00edm\u00e1r utca  [&#8230;]<\/p>\n","protected":false},"author":1,"featured_media":0,"parent":0,"menu_order":0,"comment_status":"closed","ping_status":"closed","template":"100-width.php","meta":{"_acf_changed":false,"footnotes":""},"class_list":["post-30","page","type-page","status-publish","hentry"],"acf":[],"yoast_head":"<!-- This site is optimized with the Yoast SEO plugin v26.6 - https:\/\/yoast.com\/wordpress\/plugins\/seo\/ -->\n<title>Impresszum - Novopayment | POS termin\u00e1l \u00e9s online fizet\u00e9si megold\u00e1sok<\/title>\n<meta name=\"robots\" content=\"index, follow, max-snippet:-1, max-image-preview:large, max-video-preview:-1\" \/>\n<link rel=\"canonical\" href=\"https:\/\/novopayment.hu\/hu\/impresszum\/\" \/>\n<meta property=\"og:locale\" content=\"hu_HU\" \/>\n<meta property=\"og:type\" content=\"article\" \/>\n<meta property=\"og:title\" content=\"Impresszum - Novopayment | POS termin\u00e1l \u00e9s online fizet\u00e9si megold\u00e1sok\" \/>\n<meta property=\"og:description\" content=\"V\u00e1llalkoz\u00e1s adatai C\u00e9gn\u00e9v Novopayment Kft. Sz\u00e9khely 1034 Budapest, T\u00edm\u00e1r utca [...]\" \/>\n<meta property=\"og:url\" content=\"https:\/\/novopayment.hu\/hu\/impresszum\/\" \/>\n<meta property=\"og:site_name\" content=\"Novopayment | POS termin\u00e1l \u00e9s online fizet\u00e9si megold\u00e1sok\" \/>\n<meta name=\"twitter:card\" content=\"summary_large_image\" \/>\n<script type=\"application\/ld+json\" class=\"yoast-schema-graph\">{\"@context\":\"https:\/\/schema.org\",\"@graph\":[{\"@type\":\"WebPage\",\"@id\":\"https:\/\/novopayment.hu\/hu\/impresszum\/\",\"url\":\"https:\/\/novopayment.hu\/hu\/impresszum\/\",\"name\":\"Impresszum - Novopayment | POS termin\u00e1l \u00e9s online fizet\u00e9si megold\u00e1sok\",\"isPartOf\":{\"@id\":\"https:\/\/novopayment.hu\/hu\/#website\"},\"datePublished\":\"2024-06-13T12:04:59+00:00\",\"breadcrumb\":{\"@id\":\"https:\/\/novopayment.hu\/hu\/impresszum\/#breadcrumb\"},\"inLanguage\":\"hu\",\"potentialAction\":[{\"@type\":\"ReadAction\",\"target\":[\"https:\/\/novopayment.hu\/hu\/impresszum\/\"]}]},{\"@type\":\"BreadcrumbList\",\"@id\":\"https:\/\/novopayment.hu\/hu\/impresszum\/#breadcrumb\",\"itemListElement\":[{\"@type\":\"ListItem\",\"position\":1,\"name\":\"Kezd\u0151lap\",\"item\":\"https:\/\/novopayment.hu\/hu\/\"},{\"@type\":\"ListItem\",\"position\":2,\"name\":\"Impresszum\"}]},{\"@type\":\"WebSite\",\"@id\":\"https:\/\/novopayment.hu\/hu\/#website\",\"url\":\"https:\/\/novopayment.hu\/hu\/\",\"name\":\"Novopayment | POS termin\u00e1l \u00e9s online fizet\u00e9si megold\u00e1sok\",\"description\":\"\",\"publisher\":{\"@id\":\"https:\/\/novopayment.hu\/hu\/#organization\"},\"potentialAction\":[{\"@type\":\"SearchAction\",\"target\":{\"@type\":\"EntryPoint\",\"urlTemplate\":\"https:\/\/novopayment.hu\/hu\/?s={search_term_string}\"},\"query-input\":{\"@type\":\"PropertyValueSpecification\",\"valueRequired\":true,\"valueName\":\"search_term_string\"}}],\"inLanguage\":\"hu\"},{\"@type\":\"Organization\",\"@id\":\"https:\/\/novopayment.hu\/hu\/#organization\",\"name\":\"Novopayment | POS termin\u00e1l \u00e9s online fizet\u00e9si megold\u00e1sok\",\"url\":\"https:\/\/novopayment.hu\/hu\/\",\"logo\":{\"@type\":\"ImageObject\",\"inLanguage\":\"hu\",\"@id\":\"https:\/\/novopayment.hu\/hu\/#\/schema\/logo\/image\/\",\"url\":\"https:\/\/novopayment.hu\/wp-content\/uploads\/2024\/06\/novopayment_logo_default.png\",\"contentUrl\":\"https:\/\/novopayment.hu\/wp-content\/uploads\/2024\/06\/novopayment_logo_default.png\",\"width\":124,\"height\":40,\"caption\":\"Novopayment | POS termin\u00e1l \u00e9s online fizet\u00e9si megold\u00e1sok\"},\"image\":{\"@id\":\"https:\/\/novopayment.hu\/hu\/#\/schema\/logo\/image\/\"}}]}<\/script>\n<!-- \/ Yoast SEO plugin. -->","yoast_head_json":{"title":"Impresszum - Novopayment | POS termin\u00e1l \u00e9s online fizet\u00e9si megold\u00e1sok","robots":{"index":"index","follow":"follow","max-snippet":"max-snippet:-1","max-image-preview":"max-image-preview:large","max-video-preview":"max-video-preview:-1"},"canonical":"https:\/\/novopayment.hu\/hu\/impresszum\/","og_locale":"hu_HU","og_type":"article","og_title":"Impresszum - Novopayment | POS termin\u00e1l \u00e9s online fizet\u00e9si megold\u00e1sok","og_description":"V\u00e1llalkoz\u00e1s adatai C\u00e9gn\u00e9v Novopayment Kft. Sz\u00e9khely 1034 Budapest, T\u00edm\u00e1r utca [...]","og_url":"https:\/\/novopayment.hu\/hu\/impresszum\/","og_site_name":"Novopayment | POS termin\u00e1l \u00e9s online fizet\u00e9si megold\u00e1sok","twitter_card":"summary_large_image","schema":{"@context":"https:\/\/schema.org","@graph":[{"@type":"WebPage","@id":"https:\/\/novopayment.hu\/hu\/impresszum\/","url":"https:\/\/novopayment.hu\/hu\/impresszum\/","name":"Impresszum - Novopayment | POS termin\u00e1l \u00e9s online fizet\u00e9si megold\u00e1sok","isPartOf":{"@id":"https:\/\/novopayment.hu\/hu\/#website"},"datePublished":"2024-06-13T12:04:59+00:00","breadcrumb":{"@id":"https:\/\/novopayment.hu\/hu\/impresszum\/#breadcrumb"},"inLanguage":"hu","potentialAction":[{"@type":"ReadAction","target":["https:\/\/novopayment.hu\/hu\/impresszum\/"]}]},{"@type":"BreadcrumbList","@id":"https:\/\/novopayment.hu\/hu\/impresszum\/#breadcrumb","itemListElement":[{"@type":"ListItem","position":1,"name":"Kezd\u0151lap","item":"https:\/\/novopayment.hu\/hu\/"},{"@type":"ListItem","position":2,"name":"Impresszum"}]},{"@type":"WebSite","@id":"https:\/\/novopayment.hu\/hu\/#website","url":"https:\/\/novopayment.hu\/hu\/","name":"Novopayment | POS termin\u00e1l \u00e9s online fizet\u00e9si megold\u00e1sok","description":"","publisher":{"@id":"https:\/\/novopayment.hu\/hu\/#organization"},"potentialAction":[{"@type":"SearchAction","target":{"@type":"EntryPoint","urlTemplate":"https:\/\/novopayment.hu\/hu\/?s={search_term_string}"},"query-input":{"@type":"PropertyValueSpecification","valueRequired":true,"valueName":"search_term_string"}}],"inLanguage":"hu"},{"@type":"Organization","@id":"https:\/\/novopayment.hu\/hu\/#organization","name":"Novopayment | POS termin\u00e1l \u00e9s online fizet\u00e9si megold\u00e1sok","url":"https:\/\/novopayment.hu\/hu\/","logo":{"@type":"ImageObject","inLanguage":"hu","@id":"https:\/\/novopayment.hu\/hu\/#\/schema\/logo\/image\/","url":"https:\/\/novopayment.hu\/wp-content\/uploads\/2024\/06\/novopayment_logo_default.png","contentUrl":"https:\/\/novopayment.hu\/wp-content\/uploads\/2024\/06\/novopayment_logo_default.png","width":124,"height":40,"caption":"Novopayment | POS termin\u00e1l \u00e9s online fizet\u00e9si megold\u00e1sok"},"image":{"@id":"https:\/\/novopayment.hu\/hu\/#\/schema\/logo\/image\/"}}]}},"_links":{"self":[{"href":"https:\/\/novopayment.hu\/hu\/wp-json\/wp\/v2\/pages\/30","targetHints":{"allow":["GET"]}}],"collection":[{"href":"https:\/\/novopayment.hu\/hu\/wp-json\/wp\/v2\/pages"}],"about":[{"href":"https:\/\/novopayment.hu\/hu\/wp-json\/wp\/v2\/types\/page"}],"author":[{"embeddable":true,"href":"https:\/\/novopayment.hu\/hu\/wp-json\/wp\/v2\/users\/1"}],"replies":[{"embeddable":true,"href":"https:\/\/novopayment.hu\/hu\/wp-json\/wp\/v2\/comments?post=30"}],"version-history":[{"count":1,"href":"https:\/\/novopayment.hu\/hu\/wp-json\/wp\/v2\/pages\/30\/revisions"}],"predecessor-version":[{"id":31,"href":"https:\/\/novopayment.hu\/hu\/wp-json\/wp\/v2\/pages\/30\/revisions\/31"}],"wp:attachment":[{"href":"https:\/\/novopayment.hu\/hu\/wp-json\/wp\/v2\/media?parent=30"}],"curies":[{"name":"wp","href":"https:\/\/api.w.org\/{rel}","templated":true}]}}